{"id":609,"date":"2023-12-14T01:56:45","date_gmt":"2023-12-14T01:56:45","guid":{"rendered":"https:\/\/delicieuses-crepes.com\/?page_id=609"},"modified":"2024-03-14T17:46:07","modified_gmt":"2024-03-14T17:46:07","slug":"wholesales","status":"publish","type":"page","link":"https:\/\/delicieuses-crepes.com\/index.php\/wholesales\/","title":{"rendered":"Wholesale"},"content":{"rendered":"\t\t<div data-elementor-type=\"wp-page\" data-elementor-id=\"609\" class=\"elementor elementor-609\" data-elementor-post-type=\"page\">\n\t\t\t\t\t\t<section class=\"elementor-section elementor-top-section elementor-element elementor-element-95b175c elementor-section-boxed elementor-section-height-default elementor-section-height-default\" data-id=\"95b175c\" data-element_type=\"section\" data-e-type=\"section\">\n\t\t\t\t\t\t<div class=\"elementor-container elementor-column-gap-default\">\n\t\t\t\t\t<div class=\"elementor-column elementor-col-100 elementor-top-column elementor-element elementor-element-d5293e4\" data-id=\"d5293e4\" data-element_type=\"column\" data-e-type=\"column\">\n\t\t\t<div class=\"elementor-widget-wrap elementor-element-populated\">\n\t\t\t\t\t\t<div class=\"elementor-element elementor-element-846aa0c elementor-widget elementor-widget-gallery\" data-id=\"846aa0c\" data-element_type=\"widget\" data-e-type=\"widget\" data-settings=\"{&quot;columns&quot;:3,&quot;lazyload&quot;:&quot;yes&quot;,&quot;gallery_layout&quot;:&quot;grid&quot;,&quot;columns_tablet&quot;:2,&quot;columns_mobile&quot;:1,&quot;gap&quot;:{&quot;unit&quot;:&quot;px&quot;,&quot;size&quot;:10,&quot;sizes&quot;:[]},&quot;gap_tablet&quot;:{&quot;unit&quot;:&quot;px&quot;,&quot;size&quot;:10,&quot;sizes&quot;:[]},&quot;gap_mobile&quot;:{&quot;unit&quot;:&quot;px&quot;,&quot;size&quot;:10,&quot;sizes&quot;:[]},&quot;link_to&quot;:&quot;file&quot;,&quot;aspect_ratio&quot;:&quot;3:2&quot;,&quot;overlay_background&quot;:&quot;yes&quot;,&quot;content_hover_animation&quot;:&quot;fade-in&quot;}\" data-widget_type=\"gallery.default\">\n\t\t\t\t<div class=\"elementor-widget-container\">\n\t\t\t\t\t\t\t<div class=\"elementor-gallery__container\">\n\t\t\t\t\t\t\t<a class=\"e-gallery-item elementor-gallery-item elementor-animated-content\" href=\"https:\/\/delicieuses-crepes.com\/wp-content\/uploads\/2023\/12\/MockupMadagascar-Vanilla-cream-B-1.jpg\" data-elementor-open-lightbox=\"yes\" data-elementor-lightbox-slideshow=\"846aa0c\" data-elementor-lightbox-title=\"MockupMadagascar-Vanilla-cream-(B)- (1)\" data-e-action-hash=\"#elementor-action%3Aaction%3Dlightbox%26settings%3DeyJpZCI6NjEyLCJ1cmwiOiJodHRwczpcL1wvZGVsaWNpZXVzZXMtY3JlcGVzLmNvbVwvd3AtY29udGVudFwvdXBsb2Fkc1wvMjAyM1wvMTJcL01vY2t1cE1hZGFnYXNjYXItVmFuaWxsYS1jcmVhbS1CLTEuanBnIiwic2xpZGVzaG93IjoiODQ2YWEwYyJ9\">\n\t\t\t\t\t<div class=\"e-gallery-image elementor-gallery-item__image\" data-thumbnail=\"https:\/\/delicieuses-crepes.com\/wp-content\/uploads\/2023\/12\/MockupMadagascar-Vanilla-cream-B-1.jpg\" data-width=\"800\" data-height=\"545\" aria-label=\"\" role=\"img\" ><\/div>\n\t\t\t\t\t\t\t\t\t\t\t<div class=\"elementor-gallery-item__overlay\"><\/div>\n\t\t\t\t\t\t\t\t\t\t\t\t\t\t<\/a>\n\t\t\t\t\t\t\t<a class=\"e-gallery-item elementor-gallery-item elementor-animated-content\" href=\"https:\/\/delicieuses-crepes.com\/wp-content\/uploads\/2023\/12\/Rice-pudding-Mockup-B-1.jpg\" data-elementor-open-lightbox=\"yes\" data-elementor-lightbox-slideshow=\"846aa0c\" data-elementor-lightbox-title=\"Rice-pudding Mockup-(B) (1)\" data-e-action-hash=\"#elementor-action%3Aaction%3Dlightbox%26settings%3DeyJpZCI6NjEzLCJ1cmwiOiJodHRwczpcL1wvZGVsaWNpZXVzZXMtY3JlcGVzLmNvbVwvd3AtY29udGVudFwvdXBsb2Fkc1wvMjAyM1wvMTJcL1JpY2UtcHVkZGluZy1Nb2NrdXAtQi0xLmpwZyIsInNsaWRlc2hvdyI6Ijg0NmFhMGMifQ%3D%3D\">\n\t\t\t\t\t<div class=\"e-gallery-image elementor-gallery-item__image\" data-thumbnail=\"https:\/\/delicieuses-crepes.com\/wp-content\/uploads\/2023\/12\/Rice-pudding-Mockup-B-1.jpg\" data-width=\"800\" data-height=\"545\" aria-label=\"\" role=\"img\" ><\/div>\n\t\t\t\t\t\t\t\t\t\t\t<div class=\"elementor-gallery-item__overlay\"><\/div>\n\t\t\t\t\t\t\t\t\t\t\t\t\t\t<\/a>\n\t\t\t\t\t\t\t<a class=\"e-gallery-item elementor-gallery-item elementor-animated-content\" href=\"https:\/\/delicieuses-crepes.com\/wp-content\/uploads\/2023\/12\/Creme-Brulee-C-Mockup-1-1.jpg\" data-elementor-open-lightbox=\"yes\" data-elementor-lightbox-slideshow=\"846aa0c\" data-elementor-lightbox-title=\"Cr\u00e8me-Br\u00fbl\u00e9e-(C) Mockup (1) (1)\" data-e-action-hash=\"#elementor-action%3Aaction%3Dlightbox%26settings%3DeyJpZCI6NjE0LCJ1cmwiOiJodHRwczpcL1wvZGVsaWNpZXVzZXMtY3JlcGVzLmNvbVwvd3AtY29udGVudFwvdXBsb2Fkc1wvMjAyM1wvMTJcL0NyZW1lLUJydWxlZS1DLU1vY2t1cC0xLTEuanBnIiwic2xpZGVzaG93IjoiODQ2YWEwYyJ9\">\n\t\t\t\t\t<div class=\"e-gallery-image elementor-gallery-item__image\" data-thumbnail=\"https:\/\/delicieuses-crepes.com\/wp-content\/uploads\/2023\/12\/Creme-Brulee-C-Mockup-1-1.jpg\" data-width=\"800\" data-height=\"545\" aria-label=\"\" role=\"img\" ><\/div>\n\t\t\t\t\t\t\t\t\t\t\t<div class=\"elementor-gallery-item__overlay\"><\/div>\n\t\t\t\t\t\t\t\t\t\t\t\t\t\t<\/a>\n\t\t\t\t\t\t\t<a class=\"e-gallery-item elementor-gallery-item elementor-animated-content\" href=\"https:\/\/delicieuses-crepes.com\/wp-content\/uploads\/2023\/12\/Mousse-au-chocolat-B-1-1.jpg\" data-elementor-open-lightbox=\"yes\" data-elementor-lightbox-slideshow=\"846aa0c\" data-elementor-lightbox-title=\"Mousse-au-chocolat-(B)- (1) (1)\" data-e-action-hash=\"#elementor-action%3Aaction%3Dlightbox%26settings%3DeyJpZCI6NjE1LCJ1cmwiOiJodHRwczpcL1wvZGVsaWNpZXVzZXMtY3JlcGVzLmNvbVwvd3AtY29udGVudFwvdXBsb2Fkc1wvMjAyM1wvMTJcL01vdXNzZS1hdS1jaG9jb2xhdC1CLTEtMS5qcGciLCJzbGlkZXNob3ciOiI4NDZhYTBjIn0%3D\">\n\t\t\t\t\t<div class=\"e-gallery-image elementor-gallery-item__image\" data-thumbnail=\"https:\/\/delicieuses-crepes.com\/wp-content\/uploads\/2023\/12\/Mousse-au-chocolat-B-1-1.jpg\" data-width=\"800\" data-height=\"545\" aria-label=\"\" role=\"img\" ><\/div>\n\t\t\t\t\t\t\t\t\t\t\t<div class=\"elementor-gallery-item__overlay\"><\/div>\n\t\t\t\t\t\t\t\t\t\t\t\t\t\t<\/a>\n\t\t\t\t\t\t\t<a class=\"e-gallery-item elementor-gallery-item elementor-animated-content\" href=\"https:\/\/delicieuses-crepes.com\/wp-content\/uploads\/2023\/12\/Achard-Mockup-sample-01-1-1.png\" data-elementor-open-lightbox=\"yes\" data-elementor-lightbox-slideshow=\"846aa0c\" data-elementor-lightbox-title=\"Achard-Mockup-sample-01 (1) (1)\" data-e-action-hash=\"#elementor-action%3Aaction%3Dlightbox%26settings%3DeyJpZCI6NjE2LCJ1cmwiOiJodHRwczpcL1wvZGVsaWNpZXVzZXMtY3JlcGVzLmNvbVwvd3AtY29udGVudFwvdXBsb2Fkc1wvMjAyM1wvMTJcL0FjaGFyZC1Nb2NrdXAtc2FtcGxlLTAxLTEtMS5wbmciLCJzbGlkZXNob3ciOiI4NDZhYTBjIn0%3D\">\n\t\t\t\t\t<div class=\"e-gallery-image elementor-gallery-item__image\" data-thumbnail=\"https:\/\/delicieuses-crepes.com\/wp-content\/uploads\/2023\/12\/Achard-Mockup-sample-01-1-1.png\" data-width=\"800\" data-height=\"546\" aria-label=\"\" role=\"img\" ><\/div>\n\t\t\t\t\t\t\t\t\t\t\t<div class=\"elementor-gallery-item__overlay\"><\/div>\n\t\t\t\t\t\t\t\t\t\t\t\t\t\t<\/a>\n\t\t\t\t\t\t\t<a class=\"e-gallery-item elementor-gallery-item elementor-animated-content\" href=\"https:\/\/delicieuses-crepes.com\/wp-content\/uploads\/2023\/12\/Butter-Beans-32oz-mockup-1.jpg\" data-elementor-open-lightbox=\"yes\" data-elementor-lightbox-slideshow=\"846aa0c\" data-elementor-lightbox-title=\"Butter-Beans-(32oz-mockup) (1)\" data-e-action-hash=\"#elementor-action%3Aaction%3Dlightbox%26settings%3DeyJpZCI6NjE3LCJ1cmwiOiJodHRwczpcL1wvZGVsaWNpZXVzZXMtY3JlcGVzLmNvbVwvd3AtY29udGVudFwvdXBsb2Fkc1wvMjAyM1wvMTJcL0J1dHRlci1CZWFucy0zMm96LW1vY2t1cC0xLmpwZyIsInNsaWRlc2hvdyI6Ijg0NmFhMGMifQ%3D%3D\">\n\t\t\t\t\t<div class=\"e-gallery-image elementor-gallery-item__image\" data-thumbnail=\"https:\/\/delicieuses-crepes.com\/wp-content\/uploads\/2023\/12\/Butter-Beans-32oz-mockup-1.jpg\" data-width=\"800\" data-height=\"545\" aria-label=\"\" role=\"img\" ><\/div>\n\t\t\t\t\t\t\t\t\t\t\t<div class=\"elementor-gallery-item__overlay\"><\/div>\n\t\t\t\t\t\t\t\t\t\t\t\t\t\t<\/a>\n\t\t\t\t\t\t\t<a class=\"e-gallery-item elementor-gallery-item elementor-animated-content\" href=\"https:\/\/delicieuses-crepes.com\/wp-content\/uploads\/2023\/12\/01.-Creme-Brulee-jpeg-file-1.png\" data-elementor-open-lightbox=\"yes\" data-elementor-lightbox-slideshow=\"846aa0c\" data-elementor-lightbox-title=\"01.-Creme-Brulee-(jpeg-file) (1)\" data-e-action-hash=\"#elementor-action%3Aaction%3Dlightbox%26settings%3DeyJpZCI6NjExLCJ1cmwiOiJodHRwczpcL1wvZGVsaWNpZXVzZXMtY3JlcGVzLmNvbVwvd3AtY29udGVudFwvdXBsb2Fkc1wvMjAyM1wvMTJcLzAxLi1DcmVtZS1CcnVsZWUtanBlZy1maWxlLTEucG5nIiwic2xpZGVzaG93IjoiODQ2YWEwYyJ9\">\n\t\t\t\t\t<div class=\"e-gallery-image elementor-gallery-item__image\" data-thumbnail=\"https:\/\/delicieuses-crepes.com\/wp-content\/uploads\/2023\/12\/01.-Creme-Brulee-jpeg-file-1.png\" data-width=\"800\" data-height=\"800\" aria-label=\"\" role=\"img\" ><\/div>\n\t\t\t\t\t\t\t\t\t\t\t<div class=\"elementor-gallery-item__overlay\"><\/div>\n\t\t\t\t\t\t\t\t\t\t\t\t\t\t<\/a>\n\t\t\t\t\t\t\t<a class=\"e-gallery-item elementor-gallery-item elementor-animated-content\" href=\"https:\/\/delicieuses-crepes.com\/wp-content\/uploads\/2023\/12\/Ratatouille-Frotside16oz-Mockup-1.png\" data-elementor-open-lightbox=\"yes\" data-elementor-lightbox-slideshow=\"846aa0c\" data-elementor-lightbox-title=\"Ratatouille-Frotside(16oz-Mockup) (1)\" data-e-action-hash=\"#elementor-action%3Aaction%3Dlightbox%26settings%3DeyJpZCI6NjE4LCJ1cmwiOiJodHRwczpcL1wvZGVsaWNpZXVzZXMtY3JlcGVzLmNvbVwvd3AtY29udGVudFwvdXBsb2Fkc1wvMjAyM1wvMTJcL1JhdGF0b3VpbGxlLUZyb3RzaWRlMTZvei1Nb2NrdXAtMS5wbmciLCJzbGlkZXNob3ciOiI4NDZhYTBjIn0%3D\">\n\t\t\t\t\t<div class=\"e-gallery-image elementor-gallery-item__image\" data-thumbnail=\"https:\/\/delicieuses-crepes.com\/wp-content\/uploads\/2023\/12\/Ratatouille-Frotside16oz-Mockup-1.png\" data-width=\"800\" data-height=\"603\" aria-label=\"\" role=\"img\" ><\/div>\n\t\t\t\t\t\t\t\t\t\t\t<div class=\"elementor-gallery-item__overlay\"><\/div>\n\t\t\t\t\t\t\t\t\t\t\t\t\t\t<\/a>\n\t\t\t\t\t\t\t<a class=\"e-gallery-item elementor-gallery-item elementor-animated-content\" href=\"https:\/\/delicieuses-crepes.com\/wp-content\/uploads\/2023\/12\/Ratatouille-Backside-16oz-Mockup-1.png\" data-elementor-open-lightbox=\"yes\" data-elementor-lightbox-slideshow=\"846aa0c\" data-elementor-lightbox-title=\"Ratatouille-Backside (16oz Mockup) (1)\" data-e-action-hash=\"#elementor-action%3Aaction%3Dlightbox%26settings%3DeyJpZCI6NjE5LCJ1cmwiOiJodHRwczpcL1wvZGVsaWNpZXVzZXMtY3JlcGVzLmNvbVwvd3AtY29udGVudFwvdXBsb2Fkc1wvMjAyM1wvMTJcL1JhdGF0b3VpbGxlLUJhY2tzaWRlLTE2b3otTW9ja3VwLTEucG5nIiwic2xpZGVzaG93IjoiODQ2YWEwYyJ9\">\n\t\t\t\t\t<div class=\"e-gallery-image elementor-gallery-item__image\" data-thumbnail=\"https:\/\/delicieuses-crepes.com\/wp-content\/uploads\/2023\/12\/Ratatouille-Backside-16oz-Mockup-1.png\" data-width=\"800\" data-height=\"603\" aria-label=\"\" role=\"img\" ><\/div>\n\t\t\t\t\t\t\t\t\t\t\t<div class=\"elementor-gallery-item__overlay\"><\/div>\n\t\t\t\t\t\t\t\t\t\t\t\t\t\t<\/a>\n\t\t\t\t\t<\/div>\n\t\t\t\t\t<\/div>\n\t\t\t\t<\/div>\n\t\t\t\t\t<\/div>\n\t\t<\/div>\n\t\t\t\t\t<\/div>\n\t\t<\/section>\n\t\t\t\t<\/div>\n\t\t","protected":false},"excerpt":{"rendered":"","protected":false},"author":1,"featured_media":0,"parent":0,"menu_order":0,"comment_status":"closed","ping_status":"closed","template":"elementor_header_footer","meta":{"_joinchat":[],"footnotes":""},"class_list":["post-609","page","type-page","status-publish","hentry"],"_links":{"self":[{"href":"https:\/\/delicieuses-crepes.com\/index.php\/wp-json\/wp\/v2\/pages\/609","targetHints":{"allow":["GET"]}}],"collection":[{"href":"https:\/\/delicieuses-crepes.com\/index.php\/wp-json\/wp\/v2\/pages"}],"about":[{"href":"https:\/\/delicieuses-crepes.com\/index.php\/wp-json\/wp\/v2\/types\/page"}],"author":[{"embeddable":true,"href":"https:\/\/delicieuses-crepes.com\/index.php\/wp-json\/wp\/v2\/users\/1"}],"replies":[{"embeddable":true,"href":"https:\/\/delicieuses-crepes.com\/index.php\/wp-json\/wp\/v2\/comments?post=609"}],"version-history":[{"count":8,"href":"https:\/\/delicieuses-crepes.com\/index.php\/wp-json\/wp\/v2\/pages\/609\/revisions"}],"predecessor-version":[{"id":990,"href":"https:\/\/delicieuses-crepes.com\/index.php\/wp-json\/wp\/v2\/pages\/609\/revisions\/990"}],"wp:attachment":[{"href":"https:\/\/delicieuses-crepes.com\/index.php\/wp-json\/wp\/v2\/media?parent=609"}],"curies":[{"name":"wp","href":"https:\/\/api.w.org\/{rel}","templated":true}]}}